{"id":1929,"date":"2022-03-07T11:44:38","date_gmt":"2022-03-07T10:44:38","guid":{"rendered":"https:\/\/asgardexpedition.com\/?page_id=1929"},"modified":"2022-08-06T06:56:30","modified_gmt":"2022-08-06T04:56:30","slug":"nos-aventures","status":"publish","type":"page","link":"https:\/\/asgardexpedition.com\/en\/nos-aventures\/","title":{"rendered":"Nos aventures"},"content":{"rendered":"<div data-elementor-type=\"wp-page\" data-elementor-id=\"1929\" class=\"elementor elementor-1929\">\n\t\t\t\t\t\t<div class=\"elementor-inner\">\n\t\t\t\t<div class=\"elementor-section-wrap\">\n\t\t\t\t\t\t\t\t\t<section class=\"elementor-section elementor-top-section elementor-element elementor-element-ff4b022 elementor-section-boxed elementor-section-height-default elementor-section-height-default\" data-id=\"ff4b022\" data-element_type=\"section\">\n\t\t\t\t\t\t<div class=\"elementor-container elementor-column-gap-default\">\n\t\t\t\t\t\t\t<div class=\"elementor-row\">\n\t\t\t\t\t<div class=\"elementor-column elementor-col-100 elementor-top-column elementor-element elementor-element-15107e66\" data-id=\"15107e66\" data-element_type=\"column\">\n\t\t\t<div class=\"elementor-column-wrap elementor-element-populated\">\n\t\t\t\t\t\t\t<div class=\"elementor-widget-wrap\">\n\t\t\t\t\t\t<div class=\"elementor-element elementor-element-785a3e05 elementor-widget elementor-widget-text-editor\" data-id=\"785a3e05\" data-element_type=\"widget\" data-widget_type=\"text-editor.default\">\n\t\t\t\t<div class=\"elementor-widget-container\">\n\t\t\t\t\t\t\t\t<div class=\"elementor-text-editor elementor-clearfix\">\n\t\t\t\t<!-- wp:paragraph -->\n<h3 style=\"text-align: center;\"><span style=\"color: #003366;\"><strong>En quelques photos , nous souhaitons vous r\u00e9sumer pourquoi on aime tant les voyages.<\/strong><\/span><\/h3>\n<p><span style=\"color: #003366;\"><strong><!-- \/wp:paragraph --><!-- wp:paragraph --><\/strong><\/span><\/p>\n<h3 style=\"text-align: center;\"><span style=\"color: #003366;\"><strong>Vous pourrez d\u00e9couvrir notre mani\u00e8re de voyager et suivre nos aventures.<\/strong><\/span><\/h3>\n<!-- \/wp:paragraph -->\t\t\t\t\t<\/div>\n\t\t\t\t\t\t<\/div>\n\t\t\t\t<\/div>\n\t\t\t\t\t\t<\/div>\n\t\t\t\t\t<\/div>\n\t\t<\/div>\n\t\t\t\t\t\t\t\t<\/div>\n\t\t\t\t\t<\/div>\n\t\t<\/section>\n\t\t\t\t<section class=\"elementor-section elementor-top-section elementor-element elementor-element-69e0daf elementor-section-boxed elementor-section-height-default elementor-section-height-default\" data-id=\"69e0daf\" data-element_type=\"section\">\n\t\t\t\t\t\t<div class=\"elementor-container elementor-column-gap-default\">\n\t\t\t\t\t\t\t<div class=\"elementor-row\">\n\t\t\t\t\t<div class=\"elementor-column elementor-col-100 elementor-top-column elementor-element elementor-element-4a9d714\" data-id=\"4a9d714\" data-element_type=\"column\">\n\t\t\t<div class=\"elementor-column-wrap elementor-element-populated\">\n\t\t\t\t\t\t\t<div class=\"elementor-widget-wrap\">\n\t\t\t\t\t\t<div class=\"elementor-element elementor-element-d97811f elementor-widget elementor-widget-image\" data-id=\"d97811f\" data-element_type=\"widget\" data-widget_type=\"image.default\">\n\t\t\t\t<div class=\"elementor-widget-container\">\n\t\t\t\t\t\t\t\t<div class=\"elementor-image\">\n\t\t\t\t\t\t\t\t\t\t\t\t<img width=\"768\" height=\"547\" src=\"https:\/\/asgardexpedition.com\/wp-content\/uploads\/2022\/03\/IMG_20220307_170000-768x547.jpg\" class=\"attachment-medium_large size-medium_large\" alt=\"\" loading=\"lazy\" srcset=\"https:\/\/asgardexpedition.com\/wp-content\/uploads\/2022\/03\/IMG_20220307_170000-768x547.jpg 768w, https:\/\/asgardexpedition.com\/wp-content\/uploads\/2022\/03\/IMG_20220307_170000-300x214.jpg 300w, https:\/\/asgardexpedition.com\/wp-content\/uploads\/2022\/03\/IMG_20220307_170000-1024x729.jpg 1024w, https:\/\/asgardexpedition.com\/wp-content\/uploads\/2022\/03\/IMG_20220307_170000-1536x1094.jpg 1536w, https:\/\/asgardexpedition.com\/wp-content\/uploads\/2022\/03\/IMG_20220307_170000-2048x1458.jpg 2048w, https:\/\/asgardexpedition.com\/wp-content\/uploads\/2022\/03\/IMG_20220307_170000-18x12.jpg 18w\" sizes=\"(max-width: 768px) 100vw, 768px\" \/>\t\t\t\t\t\t\t\t\t\t\t\t\t\t<\/div>\n\t\t\t\t\t\t<\/div>\n\t\t\t\t<\/div>\n\t\t\t\t<div class=\"elementor-element elementor-element-b58260f elementor-widget elementor-widget-text-editor\" data-id=\"b58260f\" data-element_type=\"widget\" data-widget_type=\"text-editor.default\">\n\t\t\t\t<div class=\"elementor-widget-container\">\n\t\t\t\t\t\t\t\t<div class=\"elementor-text-editor elementor-clearfix\">\n\t\t\t\t\t\t\t\t\t<\/div>\n\t\t\t\t\t\t<\/div>\n\t\t\t\t<\/div>\n\t\t\t\t\t\t<\/div>\n\t\t\t\t\t<\/div>\n\t\t<\/div>\n\t\t\t\t\t\t\t\t<\/div>\n\t\t\t\t\t<\/div>\n\t\t<\/section>\n\t\t\t\t\t\t\t\t\t<\/div>\n\t\t\t<\/div>\n\t\t\t\t\t<\/div>","protected":false},"excerpt":{"rendered":"<p>En quelques photos , nous souhaitons vous r\u00e9sumer pourquoi on aime tant les voyages. Vous pourrez d\u00e9couvrir notre mani\u00e8re de voyager et suivre nos aventures.<\/p>","protected":false},"author":1,"featured_media":0,"parent":0,"menu_order":0,"comment_status":"closed","ping_status":"closed","template":"","meta":[],"yoast_head":"<!-- This site is optimized with the Yoast SEO plugin v19.4 - https:\/\/yoast.com\/wordpress\/plugins\/seo\/ -->\n<title>Nos aventures - Asgard Expedition<\/title>\n<meta name=\"robots\" content=\"index, follow, max-snippet:-1, max-image-preview:large, max-video-preview:-1\" \/>\n<link rel=\"canonical\" href=\"https:\/\/asgardexpedition.com\/en\/nos-aventures\/\" \/>\n<meta property=\"og:locale\" content=\"en_GB\" \/>\n<meta property=\"og:type\" content=\"article\" \/>\n<meta property=\"og:title\" content=\"Nos aventures - Asgard Expedition\" \/>\n<meta property=\"og:description\" content=\"En quelques photos , nous souhaitons vous r\u00e9sumer pourquoi on aime tant les voyages. Vous pourrez d\u00e9couvrir notre mani\u00e8re de voyager et suivre nos aventures.\" \/>\n<meta property=\"og:url\" content=\"https:\/\/asgardexpedition.com\/en\/nos-aventures\/\" \/>\n<meta property=\"og:site_name\" content=\"Asgard Expedition\" \/>\n<meta property=\"article:publisher\" content=\"https:\/\/www.facebook.com\/asgardexpedition\" \/>\n<meta property=\"article:modified_time\" content=\"2022-08-06T04:56:30+00:00\" \/>\n<meta property=\"og:image\" content=\"https:\/\/asgardexpedition.com\/wp-content\/uploads\/2022\/03\/IMG_20220307_170000-768x547.jpg\" \/>\n<meta name=\"twitter:card\" content=\"summary_large_image\" \/>\n<meta name=\"twitter:label1\" content=\"Estimated reading time\" \/>\n\t<meta name=\"twitter:data1\" content=\"1 minute\" \/>\n<script type=\"application\/ld+json\" class=\"yoast-schema-graph\">{\"@context\":\"https:\/\/schema.org\",\"@graph\":[{\"@type\":\"Organization\",\"@id\":\"https:\/\/asgardexpedition.com\/#organization\",\"name\":\"Asgard Expedition\",\"url\":\"https:\/\/asgardexpedition.com\/\",\"sameAs\":[\"https:\/\/www.facebook.com\/asgardexpedition\"],\"logo\":{\"@type\":\"ImageObject\",\"inLanguage\":\"en-GB\",\"@id\":\"https:\/\/asgardexpedition.com\/#\/schema\/logo\/image\/\",\"url\":\"https:\/\/asgardexpedition.com\/wp-content\/uploads\/2020\/02\/cropped-78919439_492384294713249_8280765515840880640_n.png\",\"contentUrl\":\"https:\/\/asgardexpedition.com\/wp-content\/uploads\/2020\/02\/cropped-78919439_492384294713249_8280765515840880640_n.png\",\"width\":512,\"height\":512,\"caption\":\"Asgard Expedition\"},\"image\":{\"@id\":\"https:\/\/asgardexpedition.com\/#\/schema\/logo\/image\/\"}},{\"@type\":\"WebSite\",\"@id\":\"https:\/\/asgardexpedition.com\/#website\",\"url\":\"https:\/\/asgardexpedition.com\/\",\"name\":\"Asgard Expedition\",\"description\":\"Remy Arendt - Votre guide d&#039;exp\u00e9dition\",\"publisher\":{\"@id\":\"https:\/\/asgardexpedition.com\/#organization\"},\"potentialAction\":[{\"@type\":\"SearchAction\",\"target\":{\"@type\":\"EntryPoint\",\"urlTemplate\":\"https:\/\/asgardexpedition.com\/?s={search_term_string}\"},\"query-input\":\"required name=search_term_string\"}],\"inLanguage\":\"en-GB\"},{\"@type\":\"WebPage\",\"@id\":\"https:\/\/asgardexpedition.com\/nos-aventures\/\",\"url\":\"https:\/\/asgardexpedition.com\/nos-aventures\/\",\"name\":\"Nos aventures - Asgard Expedition\",\"isPartOf\":{\"@id\":\"https:\/\/asgardexpedition.com\/#website\"},\"datePublished\":\"2022-03-07T10:44:38+00:00\",\"dateModified\":\"2022-08-06T04:56:30+00:00\",\"breadcrumb\":{\"@id\":\"https:\/\/asgardexpedition.com\/nos-aventures\/#breadcrumb\"},\"inLanguage\":\"en-GB\",\"potentialAction\":[{\"@type\":\"ReadAction\",\"target\":[\"https:\/\/asgardexpedition.com\/nos-aventures\/\"]}]},{\"@type\":\"BreadcrumbList\",\"@id\":\"https:\/\/asgardexpedition.com\/nos-aventures\/#breadcrumb\",\"itemListElement\":[{\"@type\":\"ListItem\",\"position\":1,\"name\":\"Accueil\",\"item\":\"https:\/\/asgardexpedition.com\/\"},{\"@type\":\"ListItem\",\"position\":2,\"name\":\"Nos aventures\"}]}]}<\/script>\n<!-- \/ Yoast SEO plugin. -->","yoast_head_json":{"title":"Nos aventures - Asgard Expedition","robots":{"index":"index","follow":"follow","max-snippet":"max-snippet:-1","max-image-preview":"max-image-preview:large","max-video-preview":"max-video-preview:-1"},"canonical":"https:\/\/asgardexpedition.com\/en\/nos-aventures\/","og_locale":"en_GB","og_type":"article","og_title":"Nos aventures - Asgard Expedition","og_description":"En quelques photos , nous souhaitons vous r\u00e9sumer pourquoi on aime tant les voyages. Vous pourrez d\u00e9couvrir notre mani\u00e8re de voyager et suivre nos aventures.","og_url":"https:\/\/asgardexpedition.com\/en\/nos-aventures\/","og_site_name":"Asgard Expedition","article_publisher":"https:\/\/www.facebook.com\/asgardexpedition","article_modified_time":"2022-08-06T04:56:30+00:00","og_image":[{"url":"https:\/\/asgardexpedition.com\/wp-content\/uploads\/2022\/03\/IMG_20220307_170000-768x547.jpg"}],"twitter_card":"summary_large_image","twitter_misc":{"Estimated reading time":"1 minute"},"schema":{"@context":"https:\/\/schema.org","@graph":[{"@type":"Organization","@id":"https:\/\/asgardexpedition.com\/#organization","name":"Asgard Expedition","url":"https:\/\/asgardexpedition.com\/","sameAs":["https:\/\/www.facebook.com\/asgardexpedition"],"logo":{"@type":"ImageObject","inLanguage":"en-GB","@id":"https:\/\/asgardexpedition.com\/#\/schema\/logo\/image\/","url":"https:\/\/asgardexpedition.com\/wp-content\/uploads\/2020\/02\/cropped-78919439_492384294713249_8280765515840880640_n.png","contentUrl":"https:\/\/asgardexpedition.com\/wp-content\/uploads\/2020\/02\/cropped-78919439_492384294713249_8280765515840880640_n.png","width":512,"height":512,"caption":"Asgard Expedition"},"image":{"@id":"https:\/\/asgardexpedition.com\/#\/schema\/logo\/image\/"}},{"@type":"WebSite","@id":"https:\/\/asgardexpedition.com\/#website","url":"https:\/\/asgardexpedition.com\/","name":"Asgard Expedition","description":"Remy Arendt - Votre guide d&#039;exp\u00e9dition","publisher":{"@id":"https:\/\/asgardexpedition.com\/#organization"},"potentialAction":[{"@type":"SearchAction","target":{"@type":"EntryPoint","urlTemplate":"https:\/\/asgardexpedition.com\/?s={search_term_string}"},"query-input":"required name=search_term_string"}],"inLanguage":"en-GB"},{"@type":"WebPage","@id":"https:\/\/asgardexpedition.com\/nos-aventures\/","url":"https:\/\/asgardexpedition.com\/nos-aventures\/","name":"Nos aventures - Asgard Expedition","isPartOf":{"@id":"https:\/\/asgardexpedition.com\/#website"},"datePublished":"2022-03-07T10:44:38+00:00","dateModified":"2022-08-06T04:56:30+00:00","breadcrumb":{"@id":"https:\/\/asgardexpedition.com\/nos-aventures\/#breadcrumb"},"inLanguage":"en-GB","potentialAction":[{"@type":"ReadAction","target":["https:\/\/asgardexpedition.com\/nos-aventures\/"]}]},{"@type":"BreadcrumbList","@id":"https:\/\/asgardexpedition.com\/nos-aventures\/#breadcrumb","itemListElement":[{"@type":"ListItem","position":1,"name":"Accueil","item":"https:\/\/asgardexpedition.com\/"},{"@type":"ListItem","position":2,"name":"Nos aventures"}]}]}},"_links":{"self":[{"href":"https:\/\/asgardexpedition.com\/en\/wp-json\/wp\/v2\/pages\/1929"}],"collection":[{"href":"https:\/\/asgardexpedition.com\/en\/wp-json\/wp\/v2\/pages"}],"about":[{"href":"https:\/\/asgardexpedition.com\/en\/wp-json\/wp\/v2\/types\/page"}],"author":[{"embeddable":true,"href":"https:\/\/asgardexpedition.com\/en\/wp-json\/wp\/v2\/users\/1"}],"replies":[{"embeddable":true,"href":"https:\/\/asgardexpedition.com\/en\/wp-json\/wp\/v2\/comments?post=1929"}],"version-history":[{"count":14,"href":"https:\/\/asgardexpedition.com\/en\/wp-json\/wp\/v2\/pages\/1929\/revisions"}],"predecessor-version":[{"id":2042,"href":"https:\/\/asgardexpedition.com\/en\/wp-json\/wp\/v2\/pages\/1929\/revisions\/2042"}],"wp:attachment":[{"href":"https:\/\/asgardexpedition.com\/en\/wp-json\/wp\/v2\/media?parent=1929"}],"curies":[{"name":"wp","href":"https:\/\/api.w.org\/{rel}","templated":true}]}}