{"id":131,"date":"2015-06-11T20:33:46","date_gmt":"2015-06-11T18:33:46","guid":{"rendered":"http:\/\/testudomag.testudolabs.com\/?page_id=131"},"modified":"2022-08-06T18:13:07","modified_gmt":"2022-08-06T16:13:07","slug":"qui-sommes-nous","status":"publish","type":"page","link":"https:\/\/asgardexpedition.com\/en\/orques-baleines\/qui-sommes-nous\/","title":{"rendered":"A propos de nous&#8230;"},"content":{"rendered":"<div data-elementor-type=\"wp-page\" data-elementor-id=\"131\" class=\"elementor elementor-131\">\n\t\t\t\t\t\t<div class=\"elementor-inner\">\n\t\t\t\t<div class=\"elementor-section-wrap\">\n\t\t\t\t\t\t\t\t\t<section class=\"elementor-section elementor-top-section elementor-element elementor-element-54c106d3 elementor-section-boxed elementor-section-height-default elementor-section-height-default\" data-id=\"54c106d3\" data-element_type=\"section\">\n\t\t\t\t\t\t<div class=\"elementor-container elementor-column-gap-default\">\n\t\t\t\t\t\t\t<div class=\"elementor-row\">\n\t\t\t\t\t<div class=\"elementor-column elementor-col-100 elementor-top-column elementor-element elementor-element-6cd6a556\" data-id=\"6cd6a556\" data-element_type=\"column\">\n\t\t\t<div class=\"elementor-column-wrap elementor-element-populated\">\n\t\t\t\t\t\t\t<div class=\"elementor-widget-wrap\">\n\t\t\t\t\t\t<div class=\"elementor-element elementor-element-e430440 elementor-widget elementor-widget-text-editor\" data-id=\"e430440\" data-element_type=\"widget\" data-widget_type=\"text-editor.default\">\n\t\t\t\t<div class=\"elementor-widget-container\">\n\t\t\t\t\t\t\t\t<div class=\"elementor-text-editor elementor-clearfix\">\n\t\t\t\t<h1 style=\"text-align: center;\"><strong><span style=\"color: #339966;\">Hello les aventuriers !<\/span><\/strong><\/h1><div>\u00a0<\/div><p style=\"text-align: center;\"><span style=\"color: #008080;\">Nous sommes un couple passionn\u00e9, qui croque la vie \u00e0 pleines dents et amoureux des voyages. Nous aimons d\u00e9couvrir les coutumes locales, les paysages et surtout la faune.<\/span><\/p><p style=\"text-align: center;\"><span style=\"color: #008080;\">We traveled in many countries using many different ways. We now offer you to discover the one that blew us away the most<\/span><\/p><p style=\"text-align: center;\"><span style=\"color: #008080;\">Every tip has made us evolve in both professional and personal ways<\/span><\/p><p style=\"text-align: center;\"><span style=\"color: #008080;\">We have taken back with us a lot visual, materials and cultural memories<\/span><\/p><p style=\"text-align: center;\"><span style=\"color: #008080;\">Everyone of these countries has given us many wonderfulness that we'd like to share with you<\/span><\/p><p style=\"text-align: center;\"><span style=\"color: #008080;\">R\u00e9my, who'll be your guide will follow in the whole trip. He will not be just a regular guide because he ll be sharing his passion, knowledge and humour<\/span><\/p><p style=\"text-align: center;\"><span style=\"color: #008080;\">Go on a journey with <strong>ASGARD<\/strong> is going on insolite places in small groups with people just like you, passionate<\/span><\/p><p style=\"text-align: center;\"><span style=\"color: #008080;\">\u00a0Throughout this journey we will forge bonds of friendship and you will return changed.<\/span><\/p><p style=\"text-align: center;\"><span style=\"color: #008080;\">We hope to have you with us very soon<\/span><\/p><h3 style=\"text-align: center;\"><span style=\"color: #339966;\"><i>\" Stay is existing. But travel is living\"<\/i> (Gustave Nadaud)<\/span><\/h3>\t\t\t\t\t<\/div>\n\t\t\t\t\t\t<\/div>\n\t\t\t\t<\/div>\n\t\t\t\t<div class=\"elementor-element elementor-element-4f91b52 elementor-widget elementor-widget-spacer\" data-id=\"4f91b52\" data-element_type=\"widget\" data-widget_type=\"spacer.default\">\n\t\t\t\t<div class=\"elementor-widget-container\">\n\t\t\t\t\t<div class=\"elementor-spacer\">\n\t\t\t<div class=\"elementor-spacer-inner\"><\/div>\n\t\t<\/div>\n\t\t\t\t<\/div>\n\t\t\t\t<\/div>\n\t\t\t\t<div class=\"elementor-element elementor-element-523e531 e-transform elementor-widget elementor-widget-image\" data-id=\"523e531\" data-element_type=\"widget\" data-settings=\"{&quot;_transform_translateX_effect&quot;:{&quot;unit&quot;:&quot;px&quot;,&quot;size&quot;:0,&quot;sizes&quot;:[]},&quot;_transform_translateY_effect&quot;:{&quot;unit&quot;:&quot;px&quot;,&quot;size&quot;:-103,&quot;sizes&quot;:[]},&quot;_transform_translateX_effect_tablet&quot;:{&quot;unit&quot;:&quot;px&quot;,&quot;size&quot;:&quot;&quot;,&quot;sizes&quot;:[]},&quot;_transform_translateX_effect_mobile&quot;:{&quot;unit&quot;:&quot;px&quot;,&quot;size&quot;:&quot;&quot;,&quot;sizes&quot;:[]},&quot;_transform_translateY_effect_tablet&quot;:{&quot;unit&quot;:&quot;px&quot;,&quot;size&quot;:&quot;&quot;,&quot;sizes&quot;:[]},&quot;_transform_translateY_effect_mobile&quot;:{&quot;unit&quot;:&quot;px&quot;,&quot;size&quot;:&quot;&quot;,&quot;sizes&quot;:[]}}\" data-widget_type=\"image.default\">\n\t\t\t\t<div class=\"elementor-widget-container\">\n\t\t\t\t\t\t\t\t<div class=\"elementor-image\">\n\t\t\t\t\t\t\t\t\t\t\t\t<img width=\"768\" height=\"1024\" src=\"https:\/\/asgardexpedition.com\/wp-content\/uploads\/2022\/03\/received_80318080375089519094-768x1024.jpeg\" class=\"attachment-large size-large\" alt=\"\" loading=\"lazy\" srcset=\"https:\/\/asgardexpedition.com\/wp-content\/uploads\/2022\/03\/received_80318080375089519094-768x1024.jpeg 768w, https:\/\/asgardexpedition.com\/wp-content\/uploads\/2022\/03\/received_80318080375089519094-225x300.jpeg 225w, https:\/\/asgardexpedition.com\/wp-content\/uploads\/2022\/03\/received_80318080375089519094-1152x1536.jpeg 1152w, https:\/\/asgardexpedition.com\/wp-content\/uploads\/2022\/03\/received_80318080375089519094-1536x2048.jpeg 1536w, https:\/\/asgardexpedition.com\/wp-content\/uploads\/2022\/03\/received_80318080375089519094-9x12.jpeg 9w, https:\/\/asgardexpedition.com\/wp-content\/uploads\/2022\/03\/received_80318080375089519094.jpeg 1728w\" sizes=\"(max-width: 768px) 100vw, 768px\" \/>\t\t\t\t\t\t\t\t\t\t\t\t\t\t<\/div>\n\t\t\t\t\t\t<\/div>\n\t\t\t\t<\/div>\n\t\t\t\t\t\t<\/div>\n\t\t\t\t\t<\/div>\n\t\t<\/div>\n\t\t\t\t\t\t\t\t<\/div>\n\t\t\t\t\t<\/div>\n\t\t<\/section>\n\t\t\t\t<section class=\"elementor-section elementor-top-section elementor-element elementor-element-118329f elementor-section-boxed elementor-section-height-default elementor-section-height-default\" data-id=\"118329f\" data-element_type=\"section\">\n\t\t\t\t\t\t<div class=\"elementor-container elementor-column-gap-default\">\n\t\t\t\t\t\t\t<div class=\"elementor-row\">\n\t\t\t\t\t<div class=\"elementor-column elementor-col-100 elementor-top-column elementor-element elementor-element-db0208b\" data-id=\"db0208b\" data-element_type=\"column\">\n\t\t\t<div class=\"elementor-column-wrap elementor-element-populated\">\n\t\t\t\t\t\t\t<div class=\"elementor-widget-wrap\">\n\t\t\t\t\t\t<div class=\"elementor-element elementor-element-c7dd1ab elementor-widget elementor-widget-heading\" data-id=\"c7dd1ab\" data-element_type=\"widget\" data-widget_type=\"heading.default\">\n\t\t\t\t<div class=\"elementor-widget-container\">\n\t\t\t<h2 class=\"elementor-heading-title elementor-size-default\">suivez-nous<\/h2>\t\t<\/div>\n\t\t\t\t<\/div>\n\t\t\t\t\t\t<\/div>\n\t\t\t\t\t<\/div>\n\t\t<\/div>\n\t\t\t\t\t\t\t\t<\/div>\n\t\t\t\t\t<\/div>\n\t\t<\/section>\n\t\t\t\t<section class=\"elementor-section elementor-top-section elementor-element elementor-element-20deb6c elementor-section-boxed elementor-section-height-default elementor-section-height-default\" data-id=\"20deb6c\" data-element_type=\"section\">\n\t\t\t\t\t\t<div class=\"elementor-container elementor-column-gap-default\">\n\t\t\t\t\t\t\t<div class=\"elementor-row\">\n\t\t\t\t\t<div class=\"elementor-column elementor-col-100 elementor-top-column elementor-element elementor-element-5b50526\" data-id=\"5b50526\" data-element_type=\"column\">\n\t\t\t<div class=\"elementor-column-wrap elementor-element-populated\">\n\t\t\t\t\t\t\t<div class=\"elementor-widget-wrap\">\n\t\t\t\t\t\t<div class=\"elementor-element elementor-element-8461d09 elementor-shape-rounded elementor-grid-0 e-grid-align-center elementor-widget elementor-widget-social-icons\" data-id=\"8461d09\" data-element_type=\"widget\" data-widget_type=\"social-icons.default\">\n\t\t\t\t<div class=\"elementor-widget-container\">\n\t\t\t\t\t<div class=\"elementor-social-icons-wrapper elementor-grid\">\n\t\t\t\t\t\t\t<span class=\"elementor-grid-item\">\n\t\t\t\t\t<a class=\"elementor-icon elementor-social-icon elementor-social-icon-facebook elementor-repeater-item-1ca8ba6\" href=\"https:\/\/www.facebook.com\/asgardexpedition\" target=\"_blank\">\n\t\t\t\t\t\t<span class=\"elementor-screen-only\">Facebook<\/span>\n\t\t\t\t\t\t<i class=\"fab fa-facebook\"><\/i>\t\t\t\t\t<\/a>\n\t\t\t\t<\/span>\n\t\t\t\t\t\t\t<span class=\"elementor-grid-item\">\n\t\t\t\t\t<a class=\"elementor-icon elementor-social-icon elementor-social-icon-instagram elementor-repeater-item-6263dcc\" href=\"https:\/\/www.instagram.com\/asgardexpedition\/\" target=\"_blank\">\n\t\t\t\t\t\t<span class=\"elementor-screen-only\">Instagram<\/span>\n\t\t\t\t\t\t<i class=\"fab fa-instagram\"><\/i>\t\t\t\t\t<\/a>\n\t\t\t\t<\/span>\n\t\t\t\t\t<\/div>\n\t\t\t\t<\/div>\n\t\t\t\t<\/div>\n\t\t\t\t\t\t<\/div>\n\t\t\t\t\t<\/div>\n\t\t<\/div>\n\t\t\t\t\t\t\t\t<\/div>\n\t\t\t\t\t<\/div>\n\t\t<\/section>\n\t\t\t\t\t\t\t\t\t<\/div>\n\t\t\t<\/div>\n\t\t\t\t\t<\/div>","protected":false},"excerpt":{"rendered":"<p>Hello les aventuriers ! \u00a0 Nous sommes un couple passionn\u00e9, qui croque la vie \u00e0 pleines dents et amoureux des voyages. Nous aimons d\u00e9couvrir les coutumes locales, les paysages et surtout la faune. Nous avons voyag\u00e9 de diverses mani\u00e8res et dans divers pays, mais ceux qui nous ont marqu\u00e9s le plus sont ceux que l\u2019on [&hellip;]<\/p>","protected":false},"author":1,"featured_media":0,"parent":10,"menu_order":0,"comment_status":"closed","ping_status":"closed","template":"","meta":[],"yoast_head":"<!-- This site is optimized with the Yoast SEO plugin v19.4 - https:\/\/yoast.com\/wordpress\/plugins\/seo\/ -->\n<title>A propos de nous... - Asgard Expedition<\/title>\n<meta name=\"description\" content=\"Qui sommes-nous? Convivial, professionnel,aventure, passion et respect sont des mots qui nous collent \u00e0 la peau !\" \/>\n<meta name=\"robots\" content=\"index, follow, max-snippet:-1, max-image-preview:large, max-video-preview:-1\" \/>\n<link rel=\"canonical\" href=\"https:\/\/asgardexpedition.com\/en\/orques-baleines\/qui-sommes-nous\/\" \/>\n<meta property=\"og:locale\" content=\"en_GB\" \/>\n<meta property=\"og:type\" content=\"article\" \/>\n<meta property=\"og:title\" content=\"A propos de nous... - Asgard Expedition\" \/>\n<meta property=\"og:description\" content=\"Qui sommes-nous? Convivial, professionnel,aventure, passion et respect sont des mots qui nous collent \u00e0 la peau !\" \/>\n<meta property=\"og:url\" content=\"https:\/\/asgardexpedition.com\/en\/orques-baleines\/qui-sommes-nous\/\" \/>\n<meta property=\"og:site_name\" content=\"Asgard Expedition\" \/>\n<meta property=\"article:publisher\" content=\"https:\/\/www.facebook.com\/asgardexpedition\" \/>\n<meta property=\"article:modified_time\" content=\"2022-08-06T16:13:07+00:00\" \/>\n<meta property=\"og:image\" content=\"https:\/\/asgardexpedition.com\/wp-content\/uploads\/2022\/03\/received_80318080375089519094-768x1024.jpeg\" \/>\n<meta name=\"twitter:card\" content=\"summary_large_image\" \/>\n<meta name=\"twitter:label1\" content=\"Estimated reading time\" \/>\n\t<meta name=\"twitter:data1\" content=\"2 minutes\" \/>\n<script type=\"application\/ld+json\" class=\"yoast-schema-graph\">{\"@context\":\"https:\/\/schema.org\",\"@graph\":[{\"@type\":\"Organization\",\"@id\":\"https:\/\/asgardexpedition.com\/#organization\",\"name\":\"Asgard Expedition\",\"url\":\"https:\/\/asgardexpedition.com\/\",\"sameAs\":[\"https:\/\/www.facebook.com\/asgardexpedition\"],\"logo\":{\"@type\":\"ImageObject\",\"inLanguage\":\"en-GB\",\"@id\":\"https:\/\/asgardexpedition.com\/#\/schema\/logo\/image\/\",\"url\":\"https:\/\/asgardexpedition.com\/wp-content\/uploads\/2020\/02\/cropped-78919439_492384294713249_8280765515840880640_n.png\",\"contentUrl\":\"https:\/\/asgardexpedition.com\/wp-content\/uploads\/2020\/02\/cropped-78919439_492384294713249_8280765515840880640_n.png\",\"width\":512,\"height\":512,\"caption\":\"Asgard Expedition\"},\"image\":{\"@id\":\"https:\/\/asgardexpedition.com\/#\/schema\/logo\/image\/\"}},{\"@type\":\"WebSite\",\"@id\":\"https:\/\/asgardexpedition.com\/#website\",\"url\":\"https:\/\/asgardexpedition.com\/\",\"name\":\"Asgard Expedition\",\"description\":\"Remy Arendt - Votre guide d&#039;exp\u00e9dition\",\"publisher\":{\"@id\":\"https:\/\/asgardexpedition.com\/#organization\"},\"potentialAction\":[{\"@type\":\"SearchAction\",\"target\":{\"@type\":\"EntryPoint\",\"urlTemplate\":\"https:\/\/asgardexpedition.com\/?s={search_term_string}\"},\"query-input\":\"required name=search_term_string\"}],\"inLanguage\":\"en-GB\"},{\"@type\":\"WebPage\",\"@id\":\"https:\/\/asgardexpedition.com\/orques-baleines\/qui-sommes-nous\/\",\"url\":\"https:\/\/asgardexpedition.com\/orques-baleines\/qui-sommes-nous\/\",\"name\":\"A propos de nous... - Asgard Expedition\",\"isPartOf\":{\"@id\":\"https:\/\/asgardexpedition.com\/#website\"},\"datePublished\":\"2015-06-11T18:33:46+00:00\",\"dateModified\":\"2022-08-06T16:13:07+00:00\",\"description\":\"Qui sommes-nous? Convivial, professionnel,aventure, passion et respect sont des mots qui nous collent \u00e0 la peau !\",\"breadcrumb\":{\"@id\":\"https:\/\/asgardexpedition.com\/orques-baleines\/qui-sommes-nous\/#breadcrumb\"},\"inLanguage\":\"en-GB\",\"potentialAction\":[{\"@type\":\"ReadAction\",\"target\":[\"https:\/\/asgardexpedition.com\/orques-baleines\/qui-sommes-nous\/\"]}]},{\"@type\":\"BreadcrumbList\",\"@id\":\"https:\/\/asgardexpedition.com\/orques-baleines\/qui-sommes-nous\/#breadcrumb\",\"itemListElement\":[{\"@type\":\"ListItem\",\"position\":1,\"name\":\"Accueil\",\"item\":\"https:\/\/asgardexpedition.com\/\"},{\"@type\":\"ListItem\",\"position\":2,\"name\":\"page d accueil\",\"item\":\"https:\/\/asgardexpedition.com\/\"},{\"@type\":\"ListItem\",\"position\":3,\"name\":\"A propos de nous&#8230;\"}]}]}<\/script>\n<!-- \/ Yoast SEO plugin. -->","yoast_head_json":{"title":"A propos de nous... - Asgard Expedition","description":"Qui sommes-nous? Convivial, professionnel,aventure, passion et respect sont des mots qui nous collent \u00e0 la peau !","robots":{"index":"index","follow":"follow","max-snippet":"max-snippet:-1","max-image-preview":"max-image-preview:large","max-video-preview":"max-video-preview:-1"},"canonical":"https:\/\/asgardexpedition.com\/en\/orques-baleines\/qui-sommes-nous\/","og_locale":"en_GB","og_type":"article","og_title":"A propos de nous... - Asgard Expedition","og_description":"Qui sommes-nous? Convivial, professionnel,aventure, passion et respect sont des mots qui nous collent \u00e0 la peau !","og_url":"https:\/\/asgardexpedition.com\/en\/orques-baleines\/qui-sommes-nous\/","og_site_name":"Asgard Expedition","article_publisher":"https:\/\/www.facebook.com\/asgardexpedition","article_modified_time":"2022-08-06T16:13:07+00:00","og_image":[{"url":"https:\/\/asgardexpedition.com\/wp-content\/uploads\/2022\/03\/received_80318080375089519094-768x1024.jpeg"}],"twitter_card":"summary_large_image","twitter_misc":{"Estimated reading time":"2 minutes"},"schema":{"@context":"https:\/\/schema.org","@graph":[{"@type":"Organization","@id":"https:\/\/asgardexpedition.com\/#organization","name":"Asgard Expedition","url":"https:\/\/asgardexpedition.com\/","sameAs":["https:\/\/www.facebook.com\/asgardexpedition"],"logo":{"@type":"ImageObject","inLanguage":"en-GB","@id":"https:\/\/asgardexpedition.com\/#\/schema\/logo\/image\/","url":"https:\/\/asgardexpedition.com\/wp-content\/uploads\/2020\/02\/cropped-78919439_492384294713249_8280765515840880640_n.png","contentUrl":"https:\/\/asgardexpedition.com\/wp-content\/uploads\/2020\/02\/cropped-78919439_492384294713249_8280765515840880640_n.png","width":512,"height":512,"caption":"Asgard Expedition"},"image":{"@id":"https:\/\/asgardexpedition.com\/#\/schema\/logo\/image\/"}},{"@type":"WebSite","@id":"https:\/\/asgardexpedition.com\/#website","url":"https:\/\/asgardexpedition.com\/","name":"Asgard Expedition","description":"Remy Arendt - Votre guide d&#039;exp\u00e9dition","publisher":{"@id":"https:\/\/asgardexpedition.com\/#organization"},"potentialAction":[{"@type":"SearchAction","target":{"@type":"EntryPoint","urlTemplate":"https:\/\/asgardexpedition.com\/?s={search_term_string}"},"query-input":"required name=search_term_string"}],"inLanguage":"en-GB"},{"@type":"WebPage","@id":"https:\/\/asgardexpedition.com\/orques-baleines\/qui-sommes-nous\/","url":"https:\/\/asgardexpedition.com\/orques-baleines\/qui-sommes-nous\/","name":"A propos de nous... - Asgard Expedition","isPartOf":{"@id":"https:\/\/asgardexpedition.com\/#website"},"datePublished":"2015-06-11T18:33:46+00:00","dateModified":"2022-08-06T16:13:07+00:00","description":"Qui sommes-nous? Convivial, professionnel,aventure, passion et respect sont des mots qui nous collent \u00e0 la peau !","breadcrumb":{"@id":"https:\/\/asgardexpedition.com\/orques-baleines\/qui-sommes-nous\/#breadcrumb"},"inLanguage":"en-GB","potentialAction":[{"@type":"ReadAction","target":["https:\/\/asgardexpedition.com\/orques-baleines\/qui-sommes-nous\/"]}]},{"@type":"BreadcrumbList","@id":"https:\/\/asgardexpedition.com\/orques-baleines\/qui-sommes-nous\/#breadcrumb","itemListElement":[{"@type":"ListItem","position":1,"name":"Accueil","item":"https:\/\/asgardexpedition.com\/"},{"@type":"ListItem","position":2,"name":"page d accueil","item":"https:\/\/asgardexpedition.com\/"},{"@type":"ListItem","position":3,"name":"A propos de nous&#8230;"}]}]}},"_links":{"self":[{"href":"https:\/\/asgardexpedition.com\/en\/wp-json\/wp\/v2\/pages\/131"}],"collection":[{"href":"https:\/\/asgardexpedition.com\/en\/wp-json\/wp\/v2\/pages"}],"about":[{"href":"https:\/\/asgardexpedition.com\/en\/wp-json\/wp\/v2\/types\/page"}],"author":[{"embeddable":true,"href":"https:\/\/asgardexpedition.com\/en\/wp-json\/wp\/v2\/users\/1"}],"replies":[{"embeddable":true,"href":"https:\/\/asgardexpedition.com\/en\/wp-json\/wp\/v2\/comments?post=131"}],"version-history":[{"count":34,"href":"https:\/\/asgardexpedition.com\/en\/wp-json\/wp\/v2\/pages\/131\/revisions"}],"predecessor-version":[{"id":2098,"href":"https:\/\/asgardexpedition.com\/en\/wp-json\/wp\/v2\/pages\/131\/revisions\/2098"}],"up":[{"embeddable":true,"href":"https:\/\/asgardexpedition.com\/en\/wp-json\/wp\/v2\/pages\/10"}],"wp:attachment":[{"href":"https:\/\/asgardexpedition.com\/en\/wp-json\/wp\/v2\/media?parent=131"}],"curies":[{"name":"wp","href":"https:\/\/api.w.org\/{rel}","templated":true}]}}