{"id":10,"date":"2016-03-24T12:13:42","date_gmt":"2016-03-24T12:13:42","guid":{"rendered":"http:\/\/demo.themes4wp.com\/gama-store\/?page_id=10"},"modified":"2022-08-06T17:53:26","modified_gmt":"2022-08-06T15:53:26","slug":"orques-baleines","status":"publish","type":"page","link":"https:\/\/asgardexpedition.com\/en\/","title":{"rendered":"page d accueil"},"content":{"rendered":"<div data-elementor-type=\"wp-post\" data-elementor-id=\"10\" class=\"elementor elementor-10\">\n\t\t\t\t\t\t<div class=\"elementor-inner\">\n\t\t\t\t<div class=\"elementor-section-wrap\">\n\t\t\t\t\t\t\t\t\t<section class=\"elementor-section elementor-top-section elementor-element elementor-element-68959607 elementor-section-height-min-height elementor-section-content-middle elementor-reverse-mobile elementor-section-boxed elementor-section-height-default elementor-section-items-middle\" data-id=\"68959607\" data-element_type=\"section\" data-settings=\"{&quot;background_background&quot;:&quot;classic&quot;}\">\n\t\t\t\t\t\t\t<div class=\"elementor-background-overlay\"><\/div>\n\t\t\t\t\t\t\t<div class=\"elementor-container elementor-column-gap-no\">\n\t\t\t\t\t\t\t<div class=\"elementor-row\">\n\t\t\t\t\t<div class=\"elementor-column elementor-col-100 elementor-top-column elementor-element elementor-element-1e3a4263\" data-id=\"1e3a4263\" data-element_type=\"column\">\n\t\t\t<div class=\"elementor-column-wrap elementor-element-populated\">\n\t\t\t\t\t\t\t<div class=\"elementor-widget-wrap\">\n\t\t\t\t\t\t<div class=\"elementor-element elementor-element-9b5e09e elementor-widget elementor-widget-spacer\" data-id=\"9b5e09e\" data-element_type=\"widget\" data-widget_type=\"spacer.default\">\n\t\t\t\t<div class=\"elementor-widget-container\">\n\t\t\t\t\t<div class=\"elementor-spacer\">\n\t\t\t<div class=\"elementor-spacer-inner\"><\/div>\n\t\t<\/div>\n\t\t\t\t<\/div>\n\t\t\t\t<\/div>\n\t\t\t\t<div class=\"elementor-element elementor-element-b7e4aa8 elementor-widget elementor-widget-text-editor\" data-id=\"b7e4aa8\" data-element_type=\"widget\" data-widget_type=\"text-editor.default\">\n\t\t\t\t<div class=\"elementor-widget-container\">\n\t\t\t\t\t\t\t\t<div class=\"elementor-text-editor elementor-clearfix\">\n\t\t\t\t<p>Want to live an extraordinary adventure?<\/p>\t\t\t\t\t<\/div>\n\t\t\t\t\t\t<\/div>\n\t\t\t\t<\/div>\n\t\t\t\t<div class=\"elementor-element elementor-element-b1ea229 elementor-widget elementor-widget-spacer\" data-id=\"b1ea229\" data-element_type=\"widget\" data-widget_type=\"spacer.default\">\n\t\t\t\t<div class=\"elementor-widget-container\">\n\t\t\t\t\t<div class=\"elementor-spacer\">\n\t\t\t<div class=\"elementor-spacer-inner\"><\/div>\n\t\t<\/div>\n\t\t\t\t<\/div>\n\t\t\t\t<\/div>\n\t\t\t\t<div class=\"elementor-element elementor-element-5cf1dd0 elementor-widget elementor-widget-heading\" data-id=\"5cf1dd0\" data-element_type=\"widget\" data-widget_type=\"heading.default\">\n\t\t\t\t<div class=\"elementor-widget-container\">\n\t\t\t<h5 class=\"elementor-heading-title elementor-size-default\">Cr\u00e9ons ensemble un voyage qui vous ressemble<\/h5>\t\t<\/div>\n\t\t\t\t<\/div>\n\t\t\t\t<div class=\"elementor-element elementor-element-f91063e elementor-widget elementor-widget-spacer\" data-id=\"f91063e\" data-element_type=\"widget\" data-widget_type=\"spacer.default\">\n\t\t\t\t<div class=\"elementor-widget-container\">\n\t\t\t\t\t<div class=\"elementor-spacer\">\n\t\t\t<div class=\"elementor-spacer-inner\"><\/div>\n\t\t<\/div>\n\t\t\t\t<\/div>\n\t\t\t\t<\/div>\n\t\t\t\t<div class=\"elementor-element elementor-element-33631541 elementor-widget elementor-widget-heading\" data-id=\"33631541\" data-element_type=\"widget\" data-widget_type=\"heading.default\">\n\t\t\t\t<div class=\"elementor-widget-container\">\n\t\t\t<h6 class=\"elementor-heading-title elementor-size-small\"><b>Asgard Expedition<\/b><\/h6>\t\t<\/div>\n\t\t\t\t<\/div>\n\t\t\t\t<div class=\"elementor-element elementor-element-bb3f80c elementor-widget elementor-widget-spacer\" data-id=\"bb3f80c\" data-element_type=\"widget\" data-widget_type=\"spacer.default\">\n\t\t\t\t<div class=\"elementor-widget-container\">\n\t\t\t\t\t<div class=\"elementor-spacer\">\n\t\t\t<div class=\"elementor-spacer-inner\"><\/div>\n\t\t<\/div>\n\t\t\t\t<\/div>\n\t\t\t\t<\/div>\n\t\t\t\t<section class=\"elementor-section elementor-inner-section elementor-element elementor-element-c7901aa elementor-section-boxed elementor-section-height-default elementor-section-height-default\" data-id=\"c7901aa\" data-element_type=\"section\">\n\t\t\t\t\t\t<div class=\"elementor-container elementor-column-gap-default\">\n\t\t\t\t\t\t\t<div class=\"elementor-row\">\n\t\t\t\t\t<div class=\"elementor-column elementor-col-50 elementor-inner-column elementor-element elementor-element-22f61ba\" data-id=\"22f61ba\" data-element_type=\"column\">\n\t\t\t<div class=\"elementor-column-wrap elementor-element-populated\">\n\t\t\t\t\t\t\t<div class=\"elementor-widget-wrap\">\n\t\t\t\t\t\t<div class=\"elementor-element elementor-element-18d34b06 elementor-align-right elementor-mobile-align-center elementor-widget elementor-widget-button\" data-id=\"18d34b06\" data-element_type=\"widget\" data-widget_type=\"button.default\">\n\t\t\t\t<div class=\"elementor-widget-container\">\n\t\t\t\t\t<div class=\"elementor-button-wrapper\">\n\t\t\t<a href=\"https:\/\/asgardexpedition.com\/en\/orques-baleines\/contact-form-7-id1430-titleformulaire-de-contact\/\" class=\"elementor-button-link elementor-button elementor-size-sm elementor-animation-grow\" role=\"button\">\n\t\t\t\t\t\t<span class=\"elementor-button-content-wrapper\">\n\t\t\t\t\t\t<span class=\"elementor-button-text\">CONTACT par mail<\/span>\n\t\t<\/span>\n\t\t\t\t\t<\/a>\n\t\t<\/div>\n\t\t\t\t<\/div>\n\t\t\t\t<\/div>\n\t\t\t\t\t\t<\/div>\n\t\t\t\t\t<\/div>\n\t\t<\/div>\n\t\t\t\t<div class=\"elementor-column elementor-col-50 elementor-inner-column elementor-element elementor-element-58a2017\" data-id=\"58a2017\" data-element_type=\"column\">\n\t\t\t<div class=\"elementor-column-wrap elementor-element-populated\">\n\t\t\t\t\t\t\t<div class=\"elementor-widget-wrap\">\n\t\t\t\t\t\t<div class=\"elementor-element elementor-element-2d9a610 elementor-align-left elementor-mobile-align-center elementor-widget elementor-widget-button\" data-id=\"2d9a610\" data-element_type=\"widget\" data-widget_type=\"button.default\">\n\t\t\t\t<div class=\"elementor-widget-container\">\n\t\t\t\t\t<div class=\"elementor-button-wrapper\">\n\t\t\t<a href=\"\" class=\"elementor-button-link elementor-button elementor-size-sm elementor-animation-grow\" role=\"button\">\n\t\t\t\t\t\t<span class=\"elementor-button-content-wrapper\">\n\t\t\t\t\t\t<span class=\"elementor-button-text\">CONTACT T\u00e9l\u00e9phone<\/span>\n\t\t<\/span>\n\t\t\t\t\t<\/a>\n\t\t<\/div>\n\t\t\t\t<\/div>\n\t\t\t\t<\/div>\n\t\t\t\t\t\t<\/div>\n\t\t\t\t\t<\/div>\n\t\t<\/div>\n\t\t\t\t\t\t\t\t<\/div>\n\t\t\t\t\t<\/div>\n\t\t<\/section>\n\t\t\t\t<div class=\"elementor-element elementor-element-96aace0 elementor-widget elementor-widget-spacer\" data-id=\"96aace0\" data-element_type=\"widget\" data-widget_type=\"spacer.default\">\n\t\t\t\t<div class=\"elementor-widget-container\">\n\t\t\t\t\t<div class=\"elementor-spacer\">\n\t\t\t<div class=\"elementor-spacer-inner\"><\/div>\n\t\t<\/div>\n\t\t\t\t<\/div>\n\t\t\t\t<\/div>\n\t\t\t\t<div class=\"elementor-element elementor-element-1940943 elementor-invisible elementor-widget elementor-widget-heading\" data-id=\"1940943\" data-element_type=\"widget\" data-settings=\"{&quot;_animation&quot;:&quot;fadeIn&quot;}\" data-widget_type=\"heading.default\">\n\t\t\t\t<div class=\"elementor-widget-container\">\n\t\t\t<h1 class=\"elementor-heading-title elementor-size-large\">Follies are the only things we never regret<\/h1>\t\t<\/div>\n\t\t\t\t<\/div>\n\t\t\t\t\t\t<\/div>\n\t\t\t\t\t<\/div>\n\t\t<\/div>\n\t\t\t\t\t\t\t\t<\/div>\n\t\t\t\t\t<\/div>\n\t\t<\/section>\n\t\t\t\t<section class=\"elementor-section elementor-top-section elementor-element elementor-element-80f8294 elementor-section-boxed elementor-section-height-default elementor-section-height-default\" data-id=\"80f8294\" data-element_type=\"section\" id=\"shop\">\n\t\t\t\t\t\t<div class=\"elementor-container elementor-column-gap-default\">\n\t\t\t\t\t\t\t<div class=\"elementor-row\">\n\t\t\t\t\t<div class=\"elementor-column elementor-col-100 elementor-top-column elementor-element elementor-element-b0ffded\" data-id=\"b0ffded\" data-element_type=\"column\">\n\t\t\t<div class=\"elementor-column-wrap elementor-element-populated\">\n\t\t\t\t\t\t\t<div class=\"elementor-widget-wrap\">\n\t\t\t\t\t\t<div class=\"elementor-element elementor-element-33fede0 elementor-widget elementor-widget-heading\" data-id=\"33fede0\" data-element_type=\"widget\" data-widget_type=\"heading.default\">\n\t\t\t\t<div class=\"elementor-widget-container\">\n\t\t\t<h3 class=\"elementor-heading-title elementor-size-default\">venez vivre des aventures inoubliables dans des lieux exceptionnels, accompagn\u00e9s par un guide passionn\u00e9.<\/h3>\t\t<\/div>\n\t\t\t\t<\/div>\n\t\t\t\t\t\t<\/div>\n\t\t\t\t\t<\/div>\n\t\t<\/div>\n\t\t\t\t\t\t\t\t<\/div>\n\t\t\t\t\t<\/div>\n\t\t<\/section>\n\t\t\t\t<section class=\"elementor-section elementor-top-section elementor-element elementor-element-33b8232 elementor-section-boxed elementor-section-height-default elementor-section-height-default\" data-id=\"33b8232\" data-element_type=\"section\">\n\t\t\t\t\t\t<div class=\"elementor-container elementor-column-gap-default\">\n\t\t\t\t\t\t\t<div class=\"elementor-row\">\n\t\t\t\t\t<div class=\"elementor-column elementor-col-100 elementor-top-column elementor-element elementor-element-5d2a0b5\" data-id=\"5d2a0b5\" data-element_type=\"column\">\n\t\t\t<div class=\"elementor-column-wrap elementor-element-populated\">\n\t\t\t\t\t\t\t<div class=\"elementor-widget-wrap\">\n\t\t\t\t\t\t<div class=\"elementor-element elementor-element-b332e71 elementor-widget elementor-widget-heading\" data-id=\"b332e71\" data-element_type=\"widget\" data-widget_type=\"heading.default\">\n\t\t\t\t<div class=\"elementor-widget-container\">\n\t\t\t<h3 class=\"elementor-heading-title elementor-size-default\">Cr\u00e9ons ensemble votre prochaine exp\u00e9dition..\n\n<\/h3>\t\t<\/div>\n\t\t\t\t<\/div>\n\t\t\t\t\t\t<\/div>\n\t\t\t\t\t<\/div>\n\t\t<\/div>\n\t\t\t\t\t\t\t\t<\/div>\n\t\t\t\t\t<\/div>\n\t\t<\/section>\n\t\t\t\t<section class=\"elementor-section elementor-top-section elementor-element elementor-element-5691567 elementor-section-boxed elementor-section-height-default elementor-section-height-default\" data-id=\"5691567\" data-element_type=\"section\">\n\t\t\t\t\t\t<div class=\"elementor-container elementor-column-gap-default\">\n\t\t\t\t\t\t\t<div class=\"elementor-row\">\n\t\t\t\t\t<div class=\"elementor-column elementor-col-100 elementor-top-column elementor-element elementor-element-cfa6f33\" data-id=\"cfa6f33\" data-element_type=\"column\">\n\t\t\t<div class=\"elementor-column-wrap elementor-element-populated\">\n\t\t\t\t\t\t\t<div class=\"elementor-widget-wrap\">\n\t\t\t\t\t\t<div class=\"elementor-element elementor-element-a0a3471 elementor-widget elementor-widget-heading\" data-id=\"a0a3471\" data-element_type=\"widget\" data-widget_type=\"heading.default\">\n\t\t\t\t<div class=\"elementor-widget-container\">\n\t\t\t<h4 class=\"elementor-heading-title elementor-size-default\">Un voyage sur mesure selon vos envies et besoins<\/h4>\t\t<\/div>\n\t\t\t\t<\/div>\n\t\t\t\t\t\t<\/div>\n\t\t\t\t\t<\/div>\n\t\t<\/div>\n\t\t\t\t\t\t\t\t<\/div>\n\t\t\t\t\t<\/div>\n\t\t<\/section>\n\t\t\t\t<section class=\"elementor-section elementor-top-section elementor-element elementor-element-ba9b66f elementor-section-boxed elementor-section-height-default elementor-section-height-default\" data-id=\"ba9b66f\" data-element_type=\"section\">\n\t\t\t\t\t\t<div class=\"elementor-container elementor-column-gap-default\">\n\t\t\t\t\t\t\t<div class=\"elementor-row\">\n\t\t\t\t\t<div class=\"elementor-column elementor-col-100 elementor-top-column elementor-element elementor-element-34ab3c8\" data-id=\"34ab3c8\" data-element_type=\"column\">\n\t\t\t<div class=\"elementor-column-wrap elementor-element-populated\">\n\t\t\t\t\t\t\t<div class=\"elementor-widget-wrap\">\n\t\t\t\t\t\t<div class=\"elementor-element elementor-element-e92646c elementor-widget elementor-widget-google_maps\" data-id=\"e92646c\" data-element_type=\"widget\" data-widget_type=\"google_maps.default\">\n\t\t\t\t<div class=\"elementor-widget-container\">\n\t\t\t\t\t<div class=\"elementor-custom-embed\">\n\t\t\t<iframe frameborder=\"0\" scrolling=\"no\" marginheight=\"0\" marginwidth=\"0\"\n\t\t\t\t\tsrc=\"https:\/\/maps.google.com\/maps?q=asgardexpedition&#038;t=m&#038;z=8&#038;output=embed&#038;iwloc=near\"\n\t\t\t\t\ttitle=\"asgardexpedition\"\n\t\t\t\t\taria-label=\"asgardexpedition\"\n\t\t\t><\/iframe>\n\t\t<\/div>\n\t\t\t\t<\/div>\n\t\t\t\t<\/div>\n\t\t\t\t\t\t<\/div>\n\t\t\t\t\t<\/div>\n\t\t<\/div>\n\t\t\t\t\t\t\t\t<\/div>\n\t\t\t\t\t<\/div>\n\t\t<\/section>\n\t\t\t\t<section class=\"elementor-section elementor-top-section elementor-element elementor-element-e77f5e6 elementor-section-boxed elementor-section-height-default elementor-section-height-default\" data-id=\"e77f5e6\" data-element_type=\"section\">\n\t\t\t\t\t\t<div class=\"elementor-container elementor-column-gap-default\">\n\t\t\t\t\t\t\t<div class=\"elementor-row\">\n\t\t\t\t\t<div class=\"elementor-column elementor-col-100 elementor-top-column elementor-element elementor-element-8edd4aa\" data-id=\"8edd4aa\" data-element_type=\"column\">\n\t\t\t<div class=\"elementor-column-wrap elementor-element-populated\">\n\t\t\t\t\t\t\t<div class=\"elementor-widget-wrap\">\n\t\t\t\t\t\t<div class=\"elementor-element elementor-element-c7bea90 elementor-widget elementor-widget-heading\" data-id=\"c7bea90\" data-element_type=\"widget\" data-widget_type=\"heading.default\">\n\t\t\t\t<div class=\"elementor-widget-container\">\n\t\t\t<h2 class=\"elementor-heading-title elementor-size-default\">Suivez-nous<\/h2>\t\t<\/div>\n\t\t\t\t<\/div>\n\t\t\t\t\t\t<\/div>\n\t\t\t\t\t<\/div>\n\t\t<\/div>\n\t\t\t\t\t\t\t\t<\/div>\n\t\t\t\t\t<\/div>\n\t\t<\/section>\n\t\t\t\t<section class=\"elementor-section elementor-top-section elementor-element elementor-element-3fb3e9b elementor-section-boxed elementor-section-height-default elementor-section-height-default\" data-id=\"3fb3e9b\" data-element_type=\"section\">\n\t\t\t\t\t\t<div class=\"elementor-container elementor-column-gap-default\">\n\t\t\t\t\t\t\t<div class=\"elementor-row\">\n\t\t\t\t\t<div class=\"elementor-column elementor-col-100 elementor-top-column elementor-element elementor-element-0cf9a15\" data-id=\"0cf9a15\" data-element_type=\"column\">\n\t\t\t<div class=\"elementor-column-wrap elementor-element-populated\">\n\t\t\t\t\t\t\t<div class=\"elementor-widget-wrap\">\n\t\t\t\t\t\t<div class=\"elementor-element elementor-element-cedd107 elementor-shape-rounded elementor-grid-0 e-grid-align-center elementor-widget elementor-widget-social-icons\" data-id=\"cedd107\" data-element_type=\"widget\" data-widget_type=\"social-icons.default\">\n\t\t\t\t<div class=\"elementor-widget-container\">\n\t\t\t\t\t<div class=\"elementor-social-icons-wrapper elementor-grid\">\n\t\t\t\t\t\t\t<span class=\"elementor-grid-item\">\n\t\t\t\t\t<a class=\"elementor-icon elementor-social-icon elementor-social-icon-facebook elementor-repeater-item-6ba252d\" href=\"https:\/\/www.facebook.com\/asgardexpedition\" target=\"_blank\">\n\t\t\t\t\t\t<span class=\"elementor-screen-only\">Facebook<\/span>\n\t\t\t\t\t\t<i class=\"fab fa-facebook\"><\/i>\t\t\t\t\t<\/a>\n\t\t\t\t<\/span>\n\t\t\t\t\t\t\t<span class=\"elementor-grid-item\">\n\t\t\t\t\t<a class=\"elementor-icon elementor-social-icon elementor-social-icon-whatsapp elementor-repeater-item-1db7297\" href=\"https:\/\/wa.me\/0032471930877\" target=\"_blank\">\n\t\t\t\t\t\t<span class=\"elementor-screen-only\">Whatsapp<\/span>\n\t\t\t\t\t\t<i class=\"fab fa-whatsapp\"><\/i>\t\t\t\t\t<\/a>\n\t\t\t\t<\/span>\n\t\t\t\t\t\t\t<span class=\"elementor-grid-item\">\n\t\t\t\t\t<a class=\"elementor-icon elementor-social-icon elementor-social-icon-instagram elementor-repeater-item-dba1995\" href=\"https:\/\/www.instagram.com\/asgardexpedition\/\" target=\"_blank\">\n\t\t\t\t\t\t<span class=\"elementor-screen-only\">Instagram<\/span>\n\t\t\t\t\t\t<i class=\"fab fa-instagram\"><\/i>\t\t\t\t\t<\/a>\n\t\t\t\t<\/span>\n\t\t\t\t\t<\/div>\n\t\t\t\t<\/div>\n\t\t\t\t<\/div>\n\t\t\t\t\t\t<\/div>\n\t\t\t\t\t<\/div>\n\t\t<\/div>\n\t\t\t\t\t\t\t\t<\/div>\n\t\t\t\t\t<\/div>\n\t\t<\/section>\n\t\t\t\t\t\t\t\t\t<\/div>\n\t\t\t<\/div>\n\t\t\t\t\t<\/div>","protected":false},"excerpt":{"rendered":"<p>Envie de vivre une aventure hors du commun ? Cr\u00e9ons ensemble un voyage qui vous ressemble Asgard Expedition CONTACT par mail CONTACT T\u00e9l\u00e9phone Les folies sont les seules choses qu&rsquo;on ne regrette jamais venez vivre des aventures inoubliables dans des lieux exceptionnels, accompagn\u00e9s par un guide passionn\u00e9. Cr\u00e9ons ensemble votre prochaine exp\u00e9dition.. Un voyage sur [&hellip;]<\/p>","protected":false},"author":1,"featured_media":0,"parent":0,"menu_order":0,"comment_status":"closed","ping_status":"closed","template":"template-page-builders.php","meta":[],"yoast_head":"<!-- This site is optimized with the Yoast SEO plugin v19.4 - https:\/\/yoast.com\/wordpress\/plugins\/seo\/ -->\n<title>page d accueil - Asgard Expedition<\/title>\n<meta name=\"description\" content=\"Vous avez comme une envie de nager ou simplement voir les orques et baleines dans leur milieu naturel. Une magnifique aventure vous attend.\" \/>\n<meta name=\"robots\" content=\"index, follow, max-snippet:-1, max-image-preview:large, max-video-preview:-1\" \/>\n<link rel=\"canonical\" href=\"https:\/\/asgardexpedition.com\/en\/\" \/>\n<meta property=\"og:locale\" content=\"en_GB\" \/>\n<meta property=\"og:type\" content=\"article\" \/>\n<meta property=\"og:title\" content=\"page d accueil - Asgard Expedition\" \/>\n<meta property=\"og:description\" content=\"Vous avez comme une envie de nager ou simplement voir les orques et baleines dans leur milieu naturel. Une magnifique aventure vous attend.\" \/>\n<meta property=\"og:url\" content=\"https:\/\/asgardexpedition.com\/en\/\" \/>\n<meta property=\"og:site_name\" content=\"Asgard Expedition\" \/>\n<meta property=\"article:publisher\" content=\"https:\/\/www.facebook.com\/asgardexpedition\" \/>\n<meta property=\"article:modified_time\" content=\"2022-08-06T15:53:26+00:00\" \/>\n<meta name=\"twitter:card\" content=\"summary_large_image\" \/>\n<meta name=\"twitter:label1\" content=\"Estimated reading time\" \/>\n\t<meta name=\"twitter:data1\" content=\"1 minute\" \/>\n<script type=\"application\/ld+json\" class=\"yoast-schema-graph\">{\"@context\":\"https:\/\/schema.org\",\"@graph\":[{\"@type\":\"Organization\",\"@id\":\"https:\/\/asgardexpedition.com\/#organization\",\"name\":\"Asgard Expedition\",\"url\":\"https:\/\/asgardexpedition.com\/\",\"sameAs\":[\"https:\/\/www.facebook.com\/asgardexpedition\"],\"logo\":{\"@type\":\"ImageObject\",\"inLanguage\":\"en-GB\",\"@id\":\"https:\/\/asgardexpedition.com\/#\/schema\/logo\/image\/\",\"url\":\"https:\/\/asgardexpedition.com\/wp-content\/uploads\/2020\/02\/cropped-78919439_492384294713249_8280765515840880640_n.png\",\"contentUrl\":\"https:\/\/asgardexpedition.com\/wp-content\/uploads\/2020\/02\/cropped-78919439_492384294713249_8280765515840880640_n.png\",\"width\":512,\"height\":512,\"caption\":\"Asgard Expedition\"},\"image\":{\"@id\":\"https:\/\/asgardexpedition.com\/#\/schema\/logo\/image\/\"}},{\"@type\":\"WebSite\",\"@id\":\"https:\/\/asgardexpedition.com\/#website\",\"url\":\"https:\/\/asgardexpedition.com\/\",\"name\":\"Asgard Expedition\",\"description\":\"Remy Arendt - Votre guide d&#039;exp\u00e9dition\",\"publisher\":{\"@id\":\"https:\/\/asgardexpedition.com\/#organization\"},\"potentialAction\":[{\"@type\":\"SearchAction\",\"target\":{\"@type\":\"EntryPoint\",\"urlTemplate\":\"https:\/\/asgardexpedition.com\/?s={search_term_string}\"},\"query-input\":\"required name=search_term_string\"}],\"inLanguage\":\"en-GB\"},{\"@type\":\"WebPage\",\"@id\":\"https:\/\/asgardexpedition.com\/\",\"url\":\"https:\/\/asgardexpedition.com\/\",\"name\":\"page d accueil - Asgard Expedition\",\"isPartOf\":{\"@id\":\"https:\/\/asgardexpedition.com\/#website\"},\"datePublished\":\"2016-03-24T12:13:42+00:00\",\"dateModified\":\"2022-08-06T15:53:26+00:00\",\"description\":\"Vous avez comme une envie de nager ou simplement voir les orques et baleines dans leur milieu naturel. Une magnifique aventure vous attend.\",\"breadcrumb\":{\"@id\":\"https:\/\/asgardexpedition.com\/#breadcrumb\"},\"inLanguage\":\"en-GB\",\"potentialAction\":[{\"@type\":\"ReadAction\",\"target\":[\"https:\/\/asgardexpedition.com\/\"]}]},{\"@type\":\"BreadcrumbList\",\"@id\":\"https:\/\/asgardexpedition.com\/#breadcrumb\",\"itemListElement\":[{\"@type\":\"ListItem\",\"position\":1,\"name\":\"Accueil\",\"item\":\"https:\/\/asgardexpedition.com\/\"},{\"@type\":\"ListItem\",\"position\":2,\"name\":\"page d accueil\"}]}]}<\/script>\n<!-- \/ Yoast SEO plugin. -->","yoast_head_json":{"title":"page d accueil - Asgard Expedition","description":"Vous avez comme une envie de nager ou simplement voir les orques et baleines dans leur milieu naturel. Une magnifique aventure vous attend.","robots":{"index":"index","follow":"follow","max-snippet":"max-snippet:-1","max-image-preview":"max-image-preview:large","max-video-preview":"max-video-preview:-1"},"canonical":"https:\/\/asgardexpedition.com\/en\/","og_locale":"en_GB","og_type":"article","og_title":"page d accueil - Asgard Expedition","og_description":"Vous avez comme une envie de nager ou simplement voir les orques et baleines dans leur milieu naturel. Une magnifique aventure vous attend.","og_url":"https:\/\/asgardexpedition.com\/en\/","og_site_name":"Asgard Expedition","article_publisher":"https:\/\/www.facebook.com\/asgardexpedition","article_modified_time":"2022-08-06T15:53:26+00:00","twitter_card":"summary_large_image","twitter_misc":{"Estimated reading time":"1 minute"},"schema":{"@context":"https:\/\/schema.org","@graph":[{"@type":"Organization","@id":"https:\/\/asgardexpedition.com\/#organization","name":"Asgard Expedition","url":"https:\/\/asgardexpedition.com\/","sameAs":["https:\/\/www.facebook.com\/asgardexpedition"],"logo":{"@type":"ImageObject","inLanguage":"en-GB","@id":"https:\/\/asgardexpedition.com\/#\/schema\/logo\/image\/","url":"https:\/\/asgardexpedition.com\/wp-content\/uploads\/2020\/02\/cropped-78919439_492384294713249_8280765515840880640_n.png","contentUrl":"https:\/\/asgardexpedition.com\/wp-content\/uploads\/2020\/02\/cropped-78919439_492384294713249_8280765515840880640_n.png","width":512,"height":512,"caption":"Asgard Expedition"},"image":{"@id":"https:\/\/asgardexpedition.com\/#\/schema\/logo\/image\/"}},{"@type":"WebSite","@id":"https:\/\/asgardexpedition.com\/#website","url":"https:\/\/asgardexpedition.com\/","name":"Asgard Expedition","description":"Remy Arendt - Votre guide d&#039;exp\u00e9dition","publisher":{"@id":"https:\/\/asgardexpedition.com\/#organization"},"potentialAction":[{"@type":"SearchAction","target":{"@type":"EntryPoint","urlTemplate":"https:\/\/asgardexpedition.com\/?s={search_term_string}"},"query-input":"required name=search_term_string"}],"inLanguage":"en-GB"},{"@type":"WebPage","@id":"https:\/\/asgardexpedition.com\/","url":"https:\/\/asgardexpedition.com\/","name":"page d accueil - Asgard Expedition","isPartOf":{"@id":"https:\/\/asgardexpedition.com\/#website"},"datePublished":"2016-03-24T12:13:42+00:00","dateModified":"2022-08-06T15:53:26+00:00","description":"Vous avez comme une envie de nager ou simplement voir les orques et baleines dans leur milieu naturel. Une magnifique aventure vous attend.","breadcrumb":{"@id":"https:\/\/asgardexpedition.com\/#breadcrumb"},"inLanguage":"en-GB","potentialAction":[{"@type":"ReadAction","target":["https:\/\/asgardexpedition.com\/"]}]},{"@type":"BreadcrumbList","@id":"https:\/\/asgardexpedition.com\/#breadcrumb","itemListElement":[{"@type":"ListItem","position":1,"name":"Accueil","item":"https:\/\/asgardexpedition.com\/"},{"@type":"ListItem","position":2,"name":"page d accueil"}]}]}},"_links":{"self":[{"href":"https:\/\/asgardexpedition.com\/en\/wp-json\/wp\/v2\/pages\/10"}],"collection":[{"href":"https:\/\/asgardexpedition.com\/en\/wp-json\/wp\/v2\/pages"}],"about":[{"href":"https:\/\/asgardexpedition.com\/en\/wp-json\/wp\/v2\/types\/page"}],"author":[{"embeddable":true,"href":"https:\/\/asgardexpedition.com\/en\/wp-json\/wp\/v2\/users\/1"}],"replies":[{"embeddable":true,"href":"https:\/\/asgardexpedition.com\/en\/wp-json\/wp\/v2\/comments?post=10"}],"version-history":[{"count":89,"href":"https:\/\/asgardexpedition.com\/en\/wp-json\/wp\/v2\/pages\/10\/revisions"}],"predecessor-version":[{"id":2082,"href":"https:\/\/asgardexpedition.com\/en\/wp-json\/wp\/v2\/pages\/10\/revisions\/2082"}],"wp:attachment":[{"href":"https:\/\/asgardexpedition.com\/en\/wp-json\/wp\/v2\/media?parent=10"}],"curies":[{"name":"wp","href":"https:\/\/api.w.org\/{rel}","templated":true}]}}